{"id":293,"date":"2024-12-30T16:21:53","date_gmt":"2024-12-30T16:21:53","guid":{"rendered":"https:\/\/insb-boats.com\/yachting-services\/"},"modified":"2025-01-08T12:03:50","modified_gmt":"2025-01-08T12:03:50","slug":"yachting-services","status":"publish","type":"page","link":"https:\/\/insb-boats.com\/es\/yachting-services\/","title":{"rendered":"Servicios de yates"},"content":{"rendered":"\n<figure class=\"wp-block-image size-full\"><img loading=\"lazy\" decoding=\"async\" width=\"948\" height=\"380\" src=\"https:\/\/insb-boats.com\/wp-content\/uploads\/2024\/12\/yachts_0.jpg\" alt=\"yacht\" class=\"wp-image-148\" srcset=\"https:\/\/insb-boats.com\/wp-content\/uploads\/2024\/12\/yachts_0.jpg 948w, https:\/\/insb-boats.com\/wp-content\/uploads\/2024\/12\/yachts_0-300x120.jpg 300w, https:\/\/insb-boats.com\/wp-content\/uploads\/2024\/12\/yachts_0-768x308.jpg 768w\" sizes=\"auto, (max-width: 948px) 100vw, 948px\" \/><\/figure>\n\n\n\n<h2 class=\"wp-block-heading\">Soluciones Vers\u00e1tiles para el Mundo de la N\u00e1utica<\/h2>\n\n\n\n<p>Con m\u00e1s de 4 d\u00e9cadas de legado mar\u00edtimo griego como Sociedad Internacional de Clasificaci\u00f3n, INSB Class tambi\u00e9n ofrece servicios de inspecci\u00f3n y certificaci\u00f3n para yates (privados y\/o dedicados al comercio), seg\u00fan se requiera para verificar el cumplimiento de la seguridad estatutaria aplicable y la certificaci\u00f3n de clasificaci\u00f3n.<\/p>\n\n\n\n<p>Hemos redise\u00f1ado nuestra cartera de servicios n\u00e1uticos para ofrecer servicios personalizados de peritaje, clasificaci\u00f3n y certificaci\u00f3n de seguridad para yates peque\u00f1os, grandes y superyates, ya sean privados o dedicados al comercio, con el apoyo de una creciente red de servicios con expertos especializados y liderazgo en costes.<\/p>\n\n\n\n<p>El creciente n\u00famero de yates certificados activos en el registro de la clase INSB pone de manifiesto nuestras destrezas y habilidades desarrolladas para el segmento de yates especializados.<\/p>\n\n\n\n<p>Adem\u00e1s, INSB Class puede prestar servicios integrales de asesoramiento a constructores, dise\u00f1adores y propietarios de yates en construcci\u00f3n. Dichos servicios tambi\u00e9n se extienden a proyectos de conversi\u00f3n de yates o adaptaciones para satisfacer las necesidades de dise\u00f1o deseadas, as\u00ed como los requisitos operativos.<\/p>\n\n\n\n<p>Nuestros servicios se basan en las cualidades, habilidades y competencia profesional de nuestros dedicados expertos en yates. Con el apoyo de nuestra creciente red de oficinas y estaciones de inspecci\u00f3n en todo el mundo, ofrecemos soluciones acreditadas de certificaci\u00f3n y asesoramiento que permiten tomar decisiones comerciales y empresariales de forma r\u00e1pida, oportuna y con liderazgo en costes.<\/p>\n\n\n\n<h3 class=\"wp-block-heading\">C\u00f3mo le ayudamos &#8211; Programa de encuestas y certificaci\u00f3n<\/h3>\n\n\n\n<figure class=\"wp-block-image size-full\"><img loading=\"lazy\" decoding=\"async\" width=\"948\" height=\"380\" src=\"https:\/\/insb-boats.com\/wp-content\/uploads\/2024\/12\/yachtassist.jpg\" alt=\"Survey &amp; Certification program\" class=\"wp-image-156\" srcset=\"https:\/\/insb-boats.com\/wp-content\/uploads\/2024\/12\/yachtassist.jpg 948w, https:\/\/insb-boats.com\/wp-content\/uploads\/2024\/12\/yachtassist-300x120.jpg 300w, https:\/\/insb-boats.com\/wp-content\/uploads\/2024\/12\/yachtassist-768x308.jpg 768w\" sizes=\"auto, (max-width: 948px) 100vw, 948px\" \/><\/figure>\n\n\n\n<p>INSB Class mantiene un programa vers\u00e1til de inspecci\u00f3n y certificaci\u00f3n de yates para ayudar a sus clientes y asegurar que la calidad de sus activos se mantiene y cumple con el C\u00f3digo de Yates del Estado de Abanderamiento a trav\u00e9s de inspecciones realizadas para verificar la conformidad.<\/p>\n\n\n\n<ul class=\"wp-block-list\">\n<li>Inspecciones para la clasificaci\u00f3n de yates Inspecciones seg\u00fan los c\u00f3digos de pabell\u00f3n y los convenios de la OMI<\/li>\n\n\n\n<li>Tonelaje<\/li>\n\n\n\n<li>L\u00ednea de carga<\/li>\n\n\n\n<li>MARPOL,SOLAS, etc<\/li>\n\n\n\n<li>Certificaci\u00f3n de conformidad ISM, ISPS y MLC<\/li>\n\n\n\n<li>Proyectos de reconversi\u00f3n y modernizaci\u00f3n<\/li>\n<\/ul>\n\n\n\n<p>Adem\u00e1s de verificar el cumplimiento de los yates con la clase aplicable y \/ o reglamentos legales o c\u00f3digos de yates del Estado de abanderamiento, los expertos de yates dedicados a la clase INSB pueden proporcionar orientaci\u00f3n adecuada y soluciones de valor a\u00f1adido para la transici\u00f3n sin problemas y sin problemas de la condici\u00f3n de yate de recreo al modo comercial (o viceversa) con la velocidad de respuesta, la fiabilidad y el apoyo personalizado despu\u00e9s del servicio.<\/p>\n\n\n\n<h3 class=\"wp-block-heading\">Placer o comercial | nos ocupamos de ambos<\/h3>\n\n\n\n<p>INSB Class ofrece soluciones a medida para pr\u00e1cticamente cualquier tipo o tama\u00f1o de yate, ya sea para recreo, ch\u00e1rter limitado o explotaci\u00f3n comercial completa.<\/p>\n\n\n\n<p>Entre las categor\u00edas de yates a las que prestamos servicio se incluyen:<\/p>\n\n\n\n<ul class=\"wp-block-list\">\n<li>YATES DE RECREO, VELEROS<\/li>\n\n\n\n<li>PEQUE\u00d1OS YATES COMERCIALES ( hasta 24 mts)<\/li>\n\n\n\n<li>GRANDES YATES COMERCIALES ( 24 &#8211; 42mts )<\/li>\n\n\n\n<li>MEGA YACHTS 43mts y en adelante<\/li>\n<\/ul>\n\n\n\n<h3 class=\"wp-block-heading\">Clasificaci\u00f3n de yates<\/h3>\n\n\n\n<figure class=\"wp-block-image size-full\"><img loading=\"lazy\" decoding=\"async\" width=\"948\" height=\"380\" src=\"https:\/\/insb-boats.com\/wp-content\/uploads\/2024\/12\/yachtclass.jpg\" alt=\"\" class=\"wp-image-157\" srcset=\"https:\/\/insb-boats.com\/wp-content\/uploads\/2024\/12\/yachtclass.jpg 948w, https:\/\/insb-boats.com\/wp-content\/uploads\/2024\/12\/yachtclass-300x120.jpg 300w, https:\/\/insb-boats.com\/wp-content\/uploads\/2024\/12\/yachtclass-768x308.jpg 768w\" sizes=\"auto, (max-width: 948px) 100vw, 948px\" \/><figcaption class=\"wp-element-caption\">OLYMPUS DIGITAL CAMERA<\/figcaption><\/figure>\n\n\n\n<h3 class=\"wp-block-heading\"><br>Normas y reglamentos para yates<\/h3>\n\n\n\n<p>Bas\u00e1ndose en su herencia mar\u00edtima griega, la Clase INSB ha desarrollado Reglas y Reglamentos espec\u00edficos para la clasificaci\u00f3n de veleros y yates a motor, en construcci\u00f3n o en servicio, de conformidad con las normas t\u00e9cnicas apropiadas.<\/p>\n\n\n\n<p>Clase INSB\u00a0<strong><em>\u201cReglas de clasificaci\u00f3n y construcci\u00f3n de yates<\/em><\/strong>\u201d apoyan todas las fases de la vida \u00fatil del yate y se aplican para evaluar la resistencia y la integridad del casco del yate, los sistemas de propulsi\u00f3n y gobierno, las instalaciones el\u00e9ctricas, los sistemas de protecci\u00f3n contra la contaminaci\u00f3n y contra incendios, as\u00ed como otros componentes operativos esenciales.<\/p>\n\n\n\n<p>Cuando es necesario y con el objetivo de complementar un proceso de clasificaci\u00f3n coherente, se hace referencia a contenidos de otras partes de las Reglas de Clase de la INSB.<\/p>\n\n\n\n<p>Un yate sigue cumpliendo con las reglas de la Clase INSB cuando se somete a inspecciones peri\u00f3dicas de clasificaci\u00f3n, tal como se define en las reglas, y se comprueba que cumple con los requisitos aplicables.<\/p>\n\n\n\n<p>Aparte del proceso normal de clasificaci\u00f3n, los inspectores de la INSB pueden asistir a las adaptaciones o modificaciones de yates para determinar que el trabajo realizado devuelve la unidad a una condici\u00f3n que se ajusta a las Reglas de Yates de Clase de la INSB.<\/p>\n\n\n\n<p>Mantener un yate en su clase -ya sea utilizado con fines recreativos o plenamente comerciales- puede aumentar el valor del activo, mejorar las operaciones, satisfacer las p\u00f3lizas de seguros y complementar los fines de reventa.<\/p>\n\n\n\n<h3 class=\"wp-block-heading\">Conformidad<\/h3>\n\n\n\n<figure class=\"wp-block-image size-full\"><img loading=\"lazy\" decoding=\"async\" width=\"948\" height=\"380\" src=\"https:\/\/insb-boats.com\/wp-content\/uploads\/2024\/12\/yachtcompliance.jpg\" alt=\"\" class=\"wp-image-159\" srcset=\"https:\/\/insb-boats.com\/wp-content\/uploads\/2024\/12\/yachtcompliance.jpg 948w, https:\/\/insb-boats.com\/wp-content\/uploads\/2024\/12\/yachtcompliance-300x120.jpg 300w, https:\/\/insb-boats.com\/wp-content\/uploads\/2024\/12\/yachtcompliance-768x308.jpg 768w\" sizes=\"auto, (max-width: 948px) 100vw, 948px\" \/><figcaption class=\"wp-element-caption\">Aerial view to Yacht in deep blue sea. Drone photography<\/figcaption><\/figure>\n\n\n\n<h3 class=\"wp-block-heading\">Cumplimiento de los c\u00f3digos del Estado de abanderamiento<\/h3>\n\n\n\n<p>INSB Class est\u00e1 reconocida por los principales registros de buques que participan en el registro de yates para realizar en su nombre la inspecci\u00f3n, evaluaci\u00f3n y certificaci\u00f3n del cumplimiento de los requisitos pertinentes de los c\u00f3digos de yates espec\u00edficos de los Estados de abanderamiento, incluidos:<\/p>\n\n\n\n<ul class=\"wp-block-list\">\n<li><strong>Grecia,<\/strong><\/li>\n\n\n\n<li><strong>San Vicente y las Granadinas,<\/strong><\/li>\n\n\n\n<li><strong>Barbados,<\/strong><\/li>\n\n\n\n<li><strong>Belice,<\/strong><\/li>\n\n\n\n<li><strong>Islas Cook,<\/strong><\/li>\n\n\n\n<li><strong>Jamaica<\/strong><\/li>\n\n\n\n<li><strong>Islas Marshall<\/strong><\/li>\n<\/ul>\n\n\n\n<p>\u00a0as\u00ed como otras Administraciones de abanderamiento.<\/p>\n\n\n\n<p>Muchos Estados de abanderamiento exigen el cumplimiento de normas de seguridad espec\u00edficas para la inspecci\u00f3n y certificaci\u00f3n de yates de recreo y\/o de alquiler dedicados al comercio.<\/p>\n\n\n\n<p>Estas normas se han integrado en el C\u00f3digo de pr\u00e1cticas de seguridad para yates de recreo y de alquiler dedicados al comercio, elaborado por cada Estado de abanderamiento, que establece normas de seguridad y prevenci\u00f3n de la contaminaci\u00f3n adecuadas al tama\u00f1o y uso del yate.<\/p>\n\n\n\n<p>Normalmente, estos requisitos de los C\u00f3digos del Estado de Abanderamiento est\u00e1n fijados por los Convenios Internacionales aplicables o son normas equivalentes cuando no es razonable o factible cumplir las disposiciones seg\u00fan los convenios internacionales relativos.<\/p>\n\n\n\n<p>\u00a0Los requisitos aplicables en materia de seguridad incluyen: estabilidad, construcci\u00f3n segura, equipos de seguridad (dispositivos contra incendios y de salvamento), radiocomunicaci\u00f3n, equipos de navegaci\u00f3n y tripulaci\u00f3n segura, as\u00ed como para la protecci\u00f3n del medio marino frente a la contaminaci\u00f3n.<\/p>\n","protected":false},"excerpt":{"rendered":"<p>Soluciones Vers\u00e1tiles para el Mundo de la N\u00e1utica Con m\u00e1s de 4 d\u00e9cadas de legado mar\u00edtimo griego como Sociedad Internacional de Clasificaci\u00f3n, INSB Class tambi\u00e9n ofrece servicios de inspecci\u00f3n y certificaci\u00f3n para yates (privados y\/o dedicados al comercio), seg\u00fan se requiera para verificar el cumplimiento de la seguridad estatutaria aplicable y la certificaci\u00f3n de clasificaci\u00f3n. [&hellip;]<\/p>\n","protected":false},"author":1,"featured_media":0,"parent":0,"menu_order":0,"comment_status":"closed","ping_status":"closed","template":"","meta":{"footnotes":""},"class_list":["post-293","page","type-page","status-publish","hentry"],"_links":{"self":[{"href":"https:\/\/insb-boats.com\/es\/wp-json\/wp\/v2\/pages\/293","targetHints":{"allow":["GET"]}}],"collection":[{"href":"https:\/\/insb-boats.com\/es\/wp-json\/wp\/v2\/pages"}],"about":[{"href":"https:\/\/insb-boats.com\/es\/wp-json\/wp\/v2\/types\/page"}],"author":[{"embeddable":true,"href":"https:\/\/insb-boats.com\/es\/wp-json\/wp\/v2\/users\/1"}],"replies":[{"embeddable":true,"href":"https:\/\/insb-boats.com\/es\/wp-json\/wp\/v2\/comments?post=293"}],"version-history":[{"count":3,"href":"https:\/\/insb-boats.com\/es\/wp-json\/wp\/v2\/pages\/293\/revisions"}],"predecessor-version":[{"id":557,"href":"https:\/\/insb-boats.com\/es\/wp-json\/wp\/v2\/pages\/293\/revisions\/557"}],"wp:attachment":[{"href":"https:\/\/insb-boats.com\/es\/wp-json\/wp\/v2\/media?parent=293"}],"curies":[{"name":"wp","href":"https:\/\/api.w.org\/{rel}","templated":true}]}}