{"id":289,"date":"2024-12-30T16:53:40","date_gmt":"2024-12-30T16:53:40","guid":{"rendered":"https:\/\/insb-boats.com\/technical-advisory\/"},"modified":"2025-01-08T11:12:59","modified_gmt":"2025-01-08T11:12:59","slug":"technical-advisory","status":"publish","type":"page","link":"https:\/\/insb-boats.com\/es\/technical-advisory\/","title":{"rendered":"Asesor\u00eda t\u00e9cnica"},"content":{"rendered":"\n<figure class=\"wp-block-image size-full\"><img loading=\"lazy\" decoding=\"async\" width=\"948\" height=\"350\" src=\"https:\/\/insb-boats.com\/wp-content\/uploads\/2024\/12\/MRTechnicalAdvisory.jpg\" alt=\"Other Marine services\" class=\"wp-image-176\" srcset=\"https:\/\/insb-boats.com\/wp-content\/uploads\/2024\/12\/MRTechnicalAdvisory.jpg 948w, https:\/\/insb-boats.com\/wp-content\/uploads\/2024\/12\/MRTechnicalAdvisory-300x111.jpg 300w, https:\/\/insb-boats.com\/wp-content\/uploads\/2024\/12\/MRTechnicalAdvisory-768x284.jpg 768w\" sizes=\"auto, (max-width: 948px) 100vw, 948px\" \/><\/figure>\n\n\n\n<h2 class=\"wp-block-heading\">Otros servicios mar\u00edtimos<\/h2>\n\n\n\n<p>La lealtad de INSB a la seguridad operativa es eminente, ya que trabajamos para identificar y gestionar los riesgos potenciales con el fin de mejorar la seguridad y la conformidad de los buques a lo largo de su exigente ciclo de vida.<\/p>\n\n\n\n<p>La consolidada experiencia y los conocimientos t\u00e9cnicos de INSB, adquiridos a lo largo de cuatro d\u00e9cadas de presencia, nos permiten ofrecer a la industria mar\u00edtima una serie de servicios de an\u00e1lisis y asesoramiento t\u00e9cnico, entre los que se incluyen:<\/p>\n\n\n\n<p><strong>Valoraciones estructurales y afines de buques<\/strong><\/p>\n\n\n\n<ul class=\"wp-block-list\">\n<li>Dise\u00f1o y c\u00e1lculos de resistencia de la estructura del casco<\/li>\n\n\n\n<li>C\u00e1lculos de resistencia longitudinal<\/li>\n\n\n\n<li>Evaluaci\u00f3n de la resistencia a la fatiga<\/li>\n\n\n\n<li>C\u00e1lculos de resistencia local<\/li>\n<\/ul>\n\n\n\n<p><strong>Estabilidad<\/strong><\/p>\n\n\n\n<ul class=\"wp-block-list\">\n<li>C\u00e1lculos de estabilidad y carga<\/li>\n\n\n\n<li>An\u00e1lisis de estabilidad intacta y con da\u00f1os<\/li>\n\n\n\n<li>Evaluaci\u00f3n de los c\u00e1lculos de carga y estabilidad del grano<\/li>\n\n\n\n<li>Asignaci\u00f3n de l\u00edmites de carga para aparatos de manipulaci\u00f3n de carga<\/li>\n\n\n\n<li>Asignaci\u00f3n de francobordo y medici\u00f3n del tonelaje<\/li>\n<\/ul>\n\n\n\n<p><strong>Servicios t\u00e9cnicos<\/strong><\/p>\n\n\n\n<ul class=\"wp-block-list\">\n<li>Evaluaci\u00f3n de da\u00f1os e inspecciones de estado<\/li>\n\n\n\n<li>Inspecciones de aptitud para el remolque<\/li>\n\n\n\n<li>Inspecciones de puesta a flote y reactivaci\u00f3n<\/li>\n\n\n\n<li>Inspecciones previas y posteriores a la reparaci\u00f3n<\/li>\n\n\n\n<li>Servicios de consulta sobre buques e instalaciones de unidades offshore<\/li>\n\n\n\n<li>Inspecciones de calado y del tren de carga<\/li>\n<\/ul>\n\n\n\n<p><strong>Revisi\u00f3n del cumplimiento<\/strong><\/p>\n\n\n\n<ul class=\"wp-block-list\">\n<li>Revisi\u00f3n de planos y especificaciones<\/li>\n\n\n\n<li>Revisi\u00f3n independiente de sistemas<\/li>\n\n\n\n<li>Servicios de asesoramiento para la optimizaci\u00f3n de sistemas<\/li>\n<\/ul>\n","protected":false},"excerpt":{"rendered":"<p>Otros servicios mar\u00edtimos La lealtad de INSB a la seguridad operativa es eminente, ya que trabajamos para identificar y gestionar los riesgos potenciales con el fin de mejorar la seguridad y la conformidad de los buques a lo largo de su exigente ciclo de vida. La consolidada experiencia y los conocimientos t\u00e9cnicos de INSB, adquiridos [&hellip;]<\/p>\n","protected":false},"author":1,"featured_media":0,"parent":0,"menu_order":0,"comment_status":"closed","ping_status":"closed","template":"","meta":{"footnotes":""},"class_list":["post-289","page","type-page","status-publish","hentry"],"_links":{"self":[{"href":"https:\/\/insb-boats.com\/es\/wp-json\/wp\/v2\/pages\/289","targetHints":{"allow":["GET"]}}],"collection":[{"href":"https:\/\/insb-boats.com\/es\/wp-json\/wp\/v2\/pages"}],"about":[{"href":"https:\/\/insb-boats.com\/es\/wp-json\/wp\/v2\/types\/page"}],"author":[{"embeddable":true,"href":"https:\/\/insb-boats.com\/es\/wp-json\/wp\/v2\/users\/1"}],"replies":[{"embeddable":true,"href":"https:\/\/insb-boats.com\/es\/wp-json\/wp\/v2\/comments?post=289"}],"version-history":[{"count":4,"href":"https:\/\/insb-boats.com\/es\/wp-json\/wp\/v2\/pages\/289\/revisions"}],"predecessor-version":[{"id":538,"href":"https:\/\/insb-boats.com\/es\/wp-json\/wp\/v2\/pages\/289\/revisions\/538"}],"wp:attachment":[{"href":"https:\/\/insb-boats.com\/es\/wp-json\/wp\/v2\/media?parent=289"}],"curies":[{"name":"wp","href":"https:\/\/api.w.org\/{rel}","templated":true}]}}