{"id":261,"date":"2024-12-30T16:49:54","date_gmt":"2024-12-30T16:49:54","guid":{"rendered":"https:\/\/insb-boats.com\/marine-systems\/"},"modified":"2025-01-08T12:05:26","modified_gmt":"2025-01-08T12:05:26","slug":"marine-systems","status":"publish","type":"page","link":"https:\/\/insb-boats.com\/es\/marine-systems\/","title":{"rendered":"Sistemas marinos"},"content":{"rendered":"\n<figure class=\"wp-block-image size-full\"><img loading=\"lazy\" decoding=\"async\" width=\"948\" height=\"350\" src=\"https:\/\/insb-boats.com\/wp-content\/uploads\/2024\/12\/MarineSystemsNew_0.jpg\" alt=\"Marine Management Systems\" class=\"wp-image-172\" srcset=\"https:\/\/insb-boats.com\/wp-content\/uploads\/2024\/12\/MarineSystemsNew_0.jpg 948w, https:\/\/insb-boats.com\/wp-content\/uploads\/2024\/12\/MarineSystemsNew_0-300x111.jpg 300w, https:\/\/insb-boats.com\/wp-content\/uploads\/2024\/12\/MarineSystemsNew_0-768x284.jpg 768w\" sizes=\"auto, (max-width: 948px) 100vw, 948px\" \/><\/figure>\n\n\n\n<h2 class=\"wp-block-heading\">Sistemas de gesti\u00f3n mar\u00edtima<\/h2>\n\n\n\n<p>Los servicios de INSB tienen como objetivo identificar y gestionar los riesgos potenciales para lograr la seguridad y el cumplimiento de la normativa a lo largo del ciclo de vida operativo de los buques.<\/p>\n\n\n\n<p>Se nos ha confiado y actuamos en nombre de un gran n\u00famero de Estados de abanderamiento delegantes para llevar a cabo evaluaciones independientes tanto en tierra como a bordo, con el fin de lograr la certificaci\u00f3n de conformidad con los sistemas y c\u00f3digos de gesti\u00f3n mar\u00edtima.<\/p>\n\n\n\n<p>Nuestros auditores profesionales y experimentados est\u00e1n disponibles en los principales puertos del mundo. La experiencia y la formaci\u00f3n que nuestros auditores aportan al proceso de auditor\u00eda garantizan no s\u00f3lo la confianza reglamentaria, sino que les permite trabajar con usted en el desarrollo de un sistema de gesti\u00f3n maduro y eficaz.<\/p>\n\n\n\n<p>INSB Class tambi\u00e9n realiza revisiones e inspecciones a bordo para verificar el cumplimiento del MLC,2006 para la emisi\u00f3n del respectivo Certificado de Trabajo Mar\u00edtimo.<\/p>\n","protected":false},"excerpt":{"rendered":"<p>Sistemas de gesti\u00f3n mar\u00edtima Los servicios de INSB tienen como objetivo identificar y gestionar los riesgos potenciales para lograr la seguridad y el cumplimiento de la normativa a lo largo del ciclo de vida operativo de los buques. Se nos ha confiado y actuamos en nombre de un gran n\u00famero de Estados de abanderamiento delegantes [&hellip;]<\/p>\n","protected":false},"author":1,"featured_media":0,"parent":0,"menu_order":0,"comment_status":"closed","ping_status":"closed","template":"","meta":{"footnotes":""},"class_list":["post-261","page","type-page","status-publish","hentry"],"_links":{"self":[{"href":"https:\/\/insb-boats.com\/es\/wp-json\/wp\/v2\/pages\/261","targetHints":{"allow":["GET"]}}],"collection":[{"href":"https:\/\/insb-boats.com\/es\/wp-json\/wp\/v2\/pages"}],"about":[{"href":"https:\/\/insb-boats.com\/es\/wp-json\/wp\/v2\/types\/page"}],"author":[{"embeddable":true,"href":"https:\/\/insb-boats.com\/es\/wp-json\/wp\/v2\/users\/1"}],"replies":[{"embeddable":true,"href":"https:\/\/insb-boats.com\/es\/wp-json\/wp\/v2\/comments?post=261"}],"version-history":[{"count":3,"href":"https:\/\/insb-boats.com\/es\/wp-json\/wp\/v2\/pages\/261\/revisions"}],"predecessor-version":[{"id":559,"href":"https:\/\/insb-boats.com\/es\/wp-json\/wp\/v2\/pages\/261\/revisions\/559"}],"wp:attachment":[{"href":"https:\/\/insb-boats.com\/es\/wp-json\/wp\/v2\/media?parent=261"}],"curies":[{"name":"wp","href":"https:\/\/api.w.org\/{rel}","templated":true}]}}